{"id":2281,"date":"2025-12-23T10:16:44","date_gmt":"2025-12-23T08:16:44","guid":{"rendered":"https:\/\/mk.keyboart.lt\/degustacine-vakariene\/"},"modified":"2026-01-19T18:22:08","modified_gmt":"2026-01-19T16:22:08","slug":"tasting-dinner","status":"publish","type":"page","link":"https:\/\/mk.keyboart.lt\/en\/tasting-dinner\/","title":{"rendered":"Tasting Dinner"},"content":{"rendered":"<section class=\"l-section wpb_row us_custom_8b48393a has_text_color us_animate_this height_auto\" id=\"hero-vidinis\"><div class=\"l-section-overlay\" style=\"background:linear-gradient(180deg, rgba(15,15,15,0.3) 0%,rgba(15,15,15,0.15) 33%,rgba(15,15,15,0) 67%,rgba(0,0,0,0) 100%)\"><\/div><div class=\"l-section-h i-cf\"><div class=\"g-cols vc_row via_grid cols_1 laptops-cols_inherit tablets-cols_inherit mobiles-cols_1 valign_bottom type_default stacking_default\" style=\"--columns-gap:1.2rem;\"><div class=\"wpb_column vc_column_container us_custom_b78189d8\"><div class=\"vc_column-inner\"><div class=\"w-separator hero-spacer vidiniuose size_custom\" style=\"height:38rem\"><\/div><\/div><\/div><\/div><\/div><\/section><section class=\"l-section wpb_row us_custom_2c2b726a height_large\" id=\"apie-paslauga\"><div class=\"l-section-h i-cf\"><div class=\"g-cols vc_row via_grid cols_1 laptops-cols_inherit tablets-cols_inherit mobiles-cols_1 valign_top type_default stacking_default\"><div class=\"wpb_column vc_column_container\"><div class=\"vc_column-inner\"><div class=\"g-cols wpb_row white-header-shadow via_grid cols_1 laptops-cols_inherit tablets-cols_inherit mobiles-cols_1 valign_top type_default stacking_default\" style=\"--columns-gap:3rem;\"><div class=\"wpb_column vc_column_container\"><div class=\"vc_column-inner\"><div class=\"wpb_text_column us_custom_1cd488a0\"><div class=\"wpb_wrapper\"><h2>Tasting Dinner<\/h2>\n<\/div><\/div><div class=\"wpb_text_column us_custom_62f46617\"><div class=\"wpb_wrapper\"><p>Degustacin\u0117 vakarien\u0117 \u201eMargio krante\u201c \u2013 tai i\u0161skirtin\u0117 gastronomin\u0117 patirtis, skirta l\u0117tam m\u0117gavimuisi skoniu, estetika ir jaukiomis akimirkomis.<\/p>\n<\/div><\/div><\/div><\/div><\/div><\/div><\/div><\/div><\/div><\/section><section class=\"l-section wpb_row aprasymo-blokas height_auto\"><div class=\"l-section-h i-cf\"><div class=\"g-cols vc_row via_grid cols_2 laptops-cols_inherit tablets-cols_inherit mobiles-cols_1 valign_top type_default stacking_default\" style=\"--columns-gap:0rem;\"><div class=\"wpb_column vc_column_container us_custom_2c0ed992 has_bg_color stretched\"><div class=\"vc_column-inner\"><div class=\"w-separator nuotraukos-spaceris size_medium\"><\/div><\/div><\/div><div class=\"wpb_column vc_column_container\"><div class=\"vc_column-inner\"><div data-us-scroll=\"{&quot;from_initial_position&quot;:&quot;0&quot;,&quot;start_position&quot;:&quot;0%&quot;,&quot;end_position&quot;:&quot;100%&quot;,&quot;delay&quot;:&quot;0.1s&quot;,&quot;translate_y_direction&quot;:&quot;up&quot;,&quot;translate_y_speed&quot;:&quot;0.05x&quot;}\" class=\"g-cols wpb_row paslaugos-aprasymas is-desines has_scroll_effects has_translate_y via_grid cols_1 laptops-cols_inherit tablets-cols_inherit mobiles-cols_1 valign_top type_default stacking_default\" style=\"--columns-gap:3rem;\"><div class=\"wpb_column vc_column_container\"><div class=\"vc_column-inner\"><div class=\"wpb_text_column\"><div class=\"wpb_wrapper\"><h3>Apie degustacin\u0119 vakarien\u0119<\/h3>\n<\/div><\/div><div class=\"w-separator size_custom\" style=\"height:2rem\"><\/div><div class=\"wpb_text_column\"><div class=\"wpb_wrapper\"><p>Kruop\u0161\u010diai sudarytas 5\u20137 patiekal\u0173 degustacinis meniu kvie\u010dia leistis \u012f nepamir\u0161tam\u0173 skoni\u0173 kelion\u0119, kurioje kiekvienas patiekalas pasakoja savo istorij\u0105 ir subtiliai dera su aplinka bei vakaro nuotaika.<\/p>\n<p>E\u017eero ramyb\u0117, jauki aplinka ir d\u0117mesingas aptarnavimas paver\u010dia degustacin\u0119 vakarien\u0119 \u201eMargio krante\u201c ne tik maisto ragavimu, bet ir i\u0161skirtine patirtimi, kuri\u0105 norisi prisiminti ir i\u0161gyventi dar kart\u0105. Apsupti ramyb\u0117s ir d\u0117mesingo m\u016bs\u0173 personalo aptarnavimo, patirsite kuo nuostabiausi\u0105 vakar\u0105.<\/p>\n<\/div><\/div><\/div><\/div><\/div><\/div><\/div><\/div><\/div><\/section>\n","protected":false},"excerpt":{"rendered":"Tasting Dinner Degustacin\u0117 vakarien\u0117 \u201eMargio krante\u201c \u2013 tai i\u0161skirtin\u0117 gastronomin\u0117 patirtis, skirta l\u0117tam m\u0117gavimuisi skoniu, estetika ir jaukiomis akimirkomis. Apie degustacin\u0119 vakarien\u0119 Kruop\u0161\u010diai sudarytas 5\u20137 patiekal\u0173 degustacinis meniu kvie\u010dia leistis \u012f nepamir\u0161tam\u0173 skoni\u0173 kelion\u0119, kurioje kiekvienas patiekalas pasakoja savo istorij\u0105 ir subtiliai dera su aplinka bei vakaro nuotaika. E\u017eero ramyb\u0117, jauki aplinka ir d\u0117mesingas aptarnavimas...","protected":false},"author":2,"featured_media":2282,"parent":0,"menu_order":0,"comment_status":"closed","ping_status":"closed","template":"","meta":{"_acf_changed":false,"footnotes":""},"class_list":["post-2281","page","type-page","status-publish","has-post-thumbnail","hentry"],"acf":[],"yoast_head":"<!-- This site is optimized with the Yoast SEO plugin v27.5 - https:\/\/yoast.com\/product\/yoast-seo-wordpress\/ -->\n<title>Tasting Dinner - Margio krantas<\/title>\n<meta name=\"robots\" content=\"noindex, follow, max-snippet:-1, max-image-preview:large, max-video-preview:-1\" \/>\n<meta property=\"og:locale\" content=\"en_US\" \/>\n<meta property=\"og:type\" content=\"article\" \/>\n<meta property=\"og:title\" content=\"Tasting Dinner - Margio krantas\" \/>\n<meta property=\"og:url\" content=\"https:\/\/mk.keyboart.lt\/en\/tasting-dinner\/\" \/>\n<meta property=\"og:site_name\" content=\"Margio krantas\" \/>\n<meta property=\"article:modified_time\" content=\"2026-01-19T16:22:08+00:00\" \/>\n<meta property=\"og:image\" content=\"https:\/\/mk.keyboart.lt\/wp-content\/uploads\/IMG_0027-scaled.jpg\" \/>\n\t<meta property=\"og:image:width\" content=\"2560\" \/>\n\t<meta property=\"og:image:height\" content=\"1703\" \/>\n\t<meta property=\"og:image:type\" content=\"image\/jpeg\" \/>\n<meta name=\"twitter:card\" content=\"summary_large_image\" \/>\n<meta name=\"twitter:label1\" content=\"Est. reading time\" \/>\n\t<meta name=\"twitter:data1\" content=\"1 minute\" \/>\n<script type=\"application\/ld+json\" class=\"yoast-schema-graph\">{\"@context\":\"https:\\\/\\\/schema.org\",\"@graph\":[{\"@type\":\"WebPage\",\"@id\":\"https:\\\/\\\/mk.keyboart.lt\\\/en\\\/tasting-dinner\\\/\",\"url\":\"https:\\\/\\\/mk.keyboart.lt\\\/en\\\/tasting-dinner\\\/\",\"name\":\"Tasting Dinner - Margio krantas\",\"isPartOf\":{\"@id\":\"https:\\\/\\\/mk.keyboart.lt\\\/en\\\/#website\"},\"primaryImageOfPage\":{\"@id\":\"https:\\\/\\\/mk.keyboart.lt\\\/en\\\/tasting-dinner\\\/#primaryimage\"},\"image\":{\"@id\":\"https:\\\/\\\/mk.keyboart.lt\\\/en\\\/tasting-dinner\\\/#primaryimage\"},\"thumbnailUrl\":\"https:\\\/\\\/mk.keyboart.lt\\\/wp-content\\\/uploads\\\/IMG_0027-scaled.jpg\",\"datePublished\":\"2025-12-23T08:16:44+00:00\",\"dateModified\":\"2026-01-19T16:22:08+00:00\",\"breadcrumb\":{\"@id\":\"https:\\\/\\\/mk.keyboart.lt\\\/en\\\/tasting-dinner\\\/#breadcrumb\"},\"inLanguage\":\"en-US\",\"potentialAction\":[{\"@type\":\"ReadAction\",\"target\":[\"https:\\\/\\\/mk.keyboart.lt\\\/en\\\/tasting-dinner\\\/\"]}]},{\"@type\":\"ImageObject\",\"inLanguage\":\"en-US\",\"@id\":\"https:\\\/\\\/mk.keyboart.lt\\\/en\\\/tasting-dinner\\\/#primaryimage\",\"url\":\"https:\\\/\\\/mk.keyboart.lt\\\/wp-content\\\/uploads\\\/IMG_0027-scaled.jpg\",\"contentUrl\":\"https:\\\/\\\/mk.keyboart.lt\\\/wp-content\\\/uploads\\\/IMG_0027-scaled.jpg\",\"width\":2560,\"height\":1703},{\"@type\":\"BreadcrumbList\",\"@id\":\"https:\\\/\\\/mk.keyboart.lt\\\/en\\\/tasting-dinner\\\/#breadcrumb\",\"itemListElement\":[{\"@type\":\"ListItem\",\"position\":1,\"name\":\"Home\",\"item\":\"https:\\\/\\\/mk.keyboart.lt\\\/en\\\/\"},{\"@type\":\"ListItem\",\"position\":2,\"name\":\"Tasting Dinner\"}]},{\"@type\":\"WebSite\",\"@id\":\"https:\\\/\\\/mk.keyboart.lt\\\/en\\\/#website\",\"url\":\"https:\\\/\\\/mk.keyboart.lt\\\/en\\\/\",\"name\":\"Margio krantas\",\"description\":\"Verslo ir laisvalaikio kompleksas Trakuose\",\"potentialAction\":[{\"@type\":\"SearchAction\",\"target\":{\"@type\":\"EntryPoint\",\"urlTemplate\":\"https:\\\/\\\/mk.keyboart.lt\\\/en\\\/?s={search_term_string}\"},\"query-input\":{\"@type\":\"PropertyValueSpecification\",\"valueRequired\":true,\"valueName\":\"search_term_string\"}}],\"inLanguage\":\"en-US\"}]}<\/script>\n<!-- \/ Yoast SEO plugin. -->","yoast_head_json":{"title":"Tasting Dinner - Margio krantas","robots":{"index":"noindex","follow":"follow","max-snippet":"max-snippet:-1","max-image-preview":"max-image-preview:large","max-video-preview":"max-video-preview:-1"},"og_locale":"en_US","og_type":"article","og_title":"Tasting Dinner - Margio krantas","og_url":"https:\/\/mk.keyboart.lt\/en\/tasting-dinner\/","og_site_name":"Margio krantas","article_modified_time":"2026-01-19T16:22:08+00:00","og_image":[{"width":2560,"height":1703,"url":"https:\/\/mk.keyboart.lt\/wp-content\/uploads\/IMG_0027-scaled.jpg","type":"image\/jpeg"}],"twitter_card":"summary_large_image","twitter_misc":{"Est. reading time":"1 minute"},"schema":{"@context":"https:\/\/schema.org","@graph":[{"@type":"WebPage","@id":"https:\/\/mk.keyboart.lt\/en\/tasting-dinner\/","url":"https:\/\/mk.keyboart.lt\/en\/tasting-dinner\/","name":"Tasting Dinner - Margio krantas","isPartOf":{"@id":"https:\/\/mk.keyboart.lt\/en\/#website"},"primaryImageOfPage":{"@id":"https:\/\/mk.keyboart.lt\/en\/tasting-dinner\/#primaryimage"},"image":{"@id":"https:\/\/mk.keyboart.lt\/en\/tasting-dinner\/#primaryimage"},"thumbnailUrl":"https:\/\/mk.keyboart.lt\/wp-content\/uploads\/IMG_0027-scaled.jpg","datePublished":"2025-12-23T08:16:44+00:00","dateModified":"2026-01-19T16:22:08+00:00","breadcrumb":{"@id":"https:\/\/mk.keyboart.lt\/en\/tasting-dinner\/#breadcrumb"},"inLanguage":"en-US","potentialAction":[{"@type":"ReadAction","target":["https:\/\/mk.keyboart.lt\/en\/tasting-dinner\/"]}]},{"@type":"ImageObject","inLanguage":"en-US","@id":"https:\/\/mk.keyboart.lt\/en\/tasting-dinner\/#primaryimage","url":"https:\/\/mk.keyboart.lt\/wp-content\/uploads\/IMG_0027-scaled.jpg","contentUrl":"https:\/\/mk.keyboart.lt\/wp-content\/uploads\/IMG_0027-scaled.jpg","width":2560,"height":1703},{"@type":"BreadcrumbList","@id":"https:\/\/mk.keyboart.lt\/en\/tasting-dinner\/#breadcrumb","itemListElement":[{"@type":"ListItem","position":1,"name":"Home","item":"https:\/\/mk.keyboart.lt\/en\/"},{"@type":"ListItem","position":2,"name":"Tasting Dinner"}]},{"@type":"WebSite","@id":"https:\/\/mk.keyboart.lt\/en\/#website","url":"https:\/\/mk.keyboart.lt\/en\/","name":"Margio krantas","description":"Verslo ir laisvalaikio kompleksas Trakuose","potentialAction":[{"@type":"SearchAction","target":{"@type":"EntryPoint","urlTemplate":"https:\/\/mk.keyboart.lt\/en\/?s={search_term_string}"},"query-input":{"@type":"PropertyValueSpecification","valueRequired":true,"valueName":"search_term_string"}}],"inLanguage":"en-US"}]}},"_links":{"self":[{"href":"https:\/\/mk.keyboart.lt\/en\/wp-json\/wp\/v2\/pages\/2281","targetHints":{"allow":["GET"]}}],"collection":[{"href":"https:\/\/mk.keyboart.lt\/en\/wp-json\/wp\/v2\/pages"}],"about":[{"href":"https:\/\/mk.keyboart.lt\/en\/wp-json\/wp\/v2\/types\/page"}],"author":[{"embeddable":true,"href":"https:\/\/mk.keyboart.lt\/en\/wp-json\/wp\/v2\/users\/2"}],"replies":[{"embeddable":true,"href":"https:\/\/mk.keyboart.lt\/en\/wp-json\/wp\/v2\/comments?post=2281"}],"version-history":[{"count":2,"href":"https:\/\/mk.keyboart.lt\/en\/wp-json\/wp\/v2\/pages\/2281\/revisions"}],"predecessor-version":[{"id":2284,"href":"https:\/\/mk.keyboart.lt\/en\/wp-json\/wp\/v2\/pages\/2281\/revisions\/2284"}],"wp:featuredmedia":[{"embeddable":true,"href":"https:\/\/mk.keyboart.lt\/en\/wp-json\/wp\/v2\/media\/2282"}],"wp:attachment":[{"href":"https:\/\/mk.keyboart.lt\/en\/wp-json\/wp\/v2\/media?parent=2281"}],"curies":[{"name":"wp","href":"https:\/\/api.w.org\/{rel}","templated":true}]}}